{"id":753,"date":"2021-11-09T14:16:32","date_gmt":"2021-11-09T13:16:32","guid":{"rendered":"https:\/\/montceau2.centre-com.fr\/?page_id=753"},"modified":"2021-11-09T14:36:35","modified_gmt":"2021-11-09T13:36:35","slug":"nos-techniques","status":"publish","type":"page","link":"https:\/\/montceau2.centre-com.fr\/?page_id=753","title":{"rendered":"Nos Techniques"},"content":{"rendered":"\n\t<p><strong>Nos techniques d&rsquo;impression<\/strong><\/p>\n\t<p><strong>NOUVELLE PRESSE NUM\u00c9RIQUE : ACCURIO PRESS C4070<\/strong><\/p>\n\t\t\t\t<img loading=\"lazy\" decoding=\"async\" src=\"https:\/\/montceau2.centre-com.fr\/wp-content\/uploads\/2021\/11\/image_2021_11_09T13_07_13_395Z.png\" alt=\"image_2021_11_09T13_07_13_395Z\" itemprop=\"image\" height=\"378\" width=\"800\" title=\"image_2021_11_09T13_07_13_395Z\" onerror=\"this.style.display='none'\"  \/>\n\t<p><strong>ACCURIO PRESS C4070<\/strong><\/p>\n<p>Ce projet a \u00e9t\u00e9 financ\u00e9 dans le cadre du programme ARDEA &#8211; Bourgogne France Comt\u00e9, par une avance remboursable (emprunt \u00e0 taux z\u00e9ro) de 54,68 % et par une aide de 8.82 % \u00ab\u00a0Fonds R\u00e9gional des Territoires\u00a0\u00bb  par la R\u00e9gion Bourgogne Franche-Comt\u00e9, et la Communaut\u00e9 de Communes Le Grand Charolais.<\/p>\n\t\t\t\t<img loading=\"lazy\" decoding=\"async\" src=\"https:\/\/montceau2.centre-com.fr\/wp-content\/uploads\/2021\/11\/depliant-02-scaled.jpg\" alt=\"depliant-02\" itemprop=\"image\" height=\"1811\" width=\"2560\" title=\"depliant-02\" onerror=\"this.style.display='none'\"  \/>\n\t\n","protected":false},"excerpt":{"rendered":"<p>Nos techniques d&rsquo;impression NOUVELLE PRESSE NUM\u00c9RIQUE : ACCURIO PRESS C4070 ACCURIO PRESS C4070 Ce projet a \u00e9t\u00e9 financ\u00e9 dans le cadre du [&hellip;]<\/p>\n","protected":false},"author":1,"featured_media":0,"parent":0,"menu_order":0,"comment_status":"closed","ping_status":"closed","template":"page-templates\/page_fullwidth.php","meta":{"footnotes":""},"class_list":["post-753","page","type-page","status-publish","hentry"],"_links":{"self":[{"href":"https:\/\/montceau2.centre-com.fr\/index.php?rest_route=\/wp\/v2\/pages\/753","targetHints":{"allow":["GET"]}}],"collection":[{"href":"https:\/\/montceau2.centre-com.fr\/index.php?rest_route=\/wp\/v2\/pages"}],"about":[{"href":"https:\/\/montceau2.centre-com.fr\/index.php?rest_route=\/wp\/v2\/types\/page"}],"author":[{"embeddable":true,"href":"https:\/\/montceau2.centre-com.fr\/index.php?rest_route=\/wp\/v2\/users\/1"}],"replies":[{"embeddable":true,"href":"https:\/\/montceau2.centre-com.fr\/index.php?rest_route=%2Fwp%2Fv2%2Fcomments&post=753"}],"version-history":[{"count":7,"href":"https:\/\/montceau2.centre-com.fr\/index.php?rest_route=\/wp\/v2\/pages\/753\/revisions"}],"predecessor-version":[{"id":763,"href":"https:\/\/montceau2.centre-com.fr\/index.php?rest_route=\/wp\/v2\/pages\/753\/revisions\/763"}],"wp:attachment":[{"href":"https:\/\/montceau2.centre-com.fr\/index.php?rest_route=%2Fwp%2Fv2%2Fmedia&parent=753"}],"curies":[{"name":"wp","href":"https:\/\/api.w.org\/{rel}","templated":true}]}}